{"id":60,"date":"2025-11-03T16:55:26","date_gmt":"2025-11-03T16:55:26","guid":{"rendered":"https:\/\/www.filtre-a-sable.eu\/?page_id=60"},"modified":"2025-11-03T17:04:42","modified_gmt":"2025-11-03T17:04:42","slug":"contact","status":"publish","type":"page","link":"https:\/\/www.filtre-a-sable.eu\/index.php\/contact\/","title":{"rendered":"Contact"},"content":{"rendered":"\n\n\t<section class=\"section\" id=\"section_1181056642\">\n\t\t<div class=\"section-bg fill\" >\n\t\t\t\t\t\t\t\t\t\n\t\t\t\n\n\t\t<\/div>\n\n\t\t\n\n\t\t<div class=\"section-content relative\">\n\t\t\t\n\n\t<div class=\"img has-hover x md-x lg-x y md-y lg-y\" id=\"image_645303237\">\n\t\t\t\t\t\t\t\t<div class=\"img-inner image-cover dark\" style=\"padding-top:300px;\">\n\t\t\t<img loading=\"lazy\" decoding=\"async\" width=\"1344\" height=\"768\" src=\"https:\/\/www.filtre-a-sable.eu\/wp-content\/uploads\/2025\/11\/Les-meilleures-astuces-pour-une-eau-cristalline-toute-lannee.jpg\" class=\"attachment-original size-original\" alt=\"d\u00e9couvrez nos astuces incontournables pour garder une eau cristalline dans votre piscine toute l&#039;ann\u00e9e. conseils d&#039;entretien, gestes simples et solutions efficaces pour une eau limpide et saine en toutes saisons.\" srcset=\"https:\/\/www.filtre-a-sable.eu\/wp-content\/uploads\/2025\/11\/Les-meilleures-astuces-pour-une-eau-cristalline-toute-lannee.jpg 1344w, https:\/\/www.filtre-a-sable.eu\/wp-content\/uploads\/2025\/11\/Les-meilleures-astuces-pour-une-eau-cristalline-toute-lannee-300x171.jpg 300w, https:\/\/www.filtre-a-sable.eu\/wp-content\/uploads\/2025\/11\/Les-meilleures-astuces-pour-une-eau-cristalline-toute-lannee-1024x585.jpg 1024w, https:\/\/www.filtre-a-sable.eu\/wp-content\/uploads\/2025\/11\/Les-meilleures-astuces-pour-une-eau-cristalline-toute-lannee-768x439.jpg 768w\" sizes=\"auto, (max-width: 1344px) 100vw, 1344px\" \/>\t\t\t\t\t\t\n\t\t\t\t\t<\/div>\n\t\t\t\t\t\t\t\t\n<style>\n#image_645303237 {\n  width: 100%;\n}\n<\/style>\n\t<\/div>\n\t\n\n\t<div id=\"gap-1964038518\" class=\"gap-element clearfix\" style=\"display:block; height:auto;\">\n\t\t\n<style>\n#gap-1964038518 {\n  padding-top: 30px;\n}\n<\/style>\n\t<\/div>\n\t\n\n<div class=\"row align-equal\"  id=\"row-605864739\">\n\n\n\t<div id=\"col-1737626499\" class=\"col medium-7 small-12 large-7\"  >\n\t\t\t\t<div class=\"col-inner dark\"  >\n\t\t\t\n\t\t\t\n\n\t<div id=\"text-638687831\" class=\"text\">\n\t\t\n\n<p data-start=\"181\" data-end=\"352\">Vous avez une question, une suggestion ou un projet \u00e0 nous proposer ?<br data-start=\"250\" data-end=\"253\" \/>L\u2019\u00e9quipe de <strong data-start=\"265\" data-end=\"286\">Filtre-a-sable.eu<\/strong> se fera un plaisir de vous r\u00e9pondre dans les plus brefs d\u00e9lais.<\/p>\n<p data-start=\"354\" data-end=\"615\">Que vous soyez <strong data-start=\"369\" data-end=\"384\">particulier<\/strong>, <strong data-start=\"386\" data-end=\"422\">professionnel du secteur piscine<\/strong>, ou <strong data-start=\"427\" data-end=\"496\">marque sp\u00e9cialis\u00e9e dans l\u2019entretien et les \u00e9quipements ext\u00e9rieurs<\/strong>, nous restons \u00e0 votre \u00e9coute pour toute demande de collaboration, d\u2019information technique ou de publication d\u2019article.<\/p>\n<p data-start=\"617\" data-end=\"894\">\ud83d\udca1 <strong data-start=\"620\" data-end=\"674\">Nous acceptons \u00e9galement les articles sponsoris\u00e9s.<\/strong><br data-start=\"674\" data-end=\"677\" \/>Si vous souhaitez promouvoir un produit, un service ou un site en lien avec l\u2019univers de la piscine, du jardin ou du bricolage, n\u2019h\u00e9sitez pas \u00e0 nous \u00e9crire pour conna\u00eetre nos conditions de publication et nos tarifs.<\/p>\n<p data-start=\"896\" data-end=\"1022\">\ud83d\udce7 <strong data-start=\"899\" data-end=\"955\">Contactez-nous d\u00e8s maintenant \u00e0 l\u2019adresse suivante :<\/strong><br data-start=\"955\" data-end=\"958\" \/>\ud83d\udc49 <a class=\"decorated-link cursor-pointer\" rel=\"noopener\" data-start=\"961\" data-end=\"1022\">contact@filtre-a-sable.eu<\/a><\/p>\n<p data-start=\"1024\" data-end=\"1246\">Votre message sera \u00e9tudi\u00e9 avec attention. Nous mettons un point d\u2019honneur \u00e0 valoriser les contenus de qualit\u00e9 et les partenariats s\u00e9rieux, afin de pr\u00e9server la coh\u00e9rence \u00e9ditoriale et la fiabilit\u00e9 de nos recommandations.<\/p>\n\t\t\n<style>\n#text-638687831 {\n  color: #3b2a24;\n}\n#text-638687831 > * {\n  color: #3b2a24;\n}\n<\/style>\n\t<\/div>\n\t\n\t<div class=\"img has-hover x md-x lg-x y md-y lg-y\" id=\"image_1148443919\">\n\t\t\t\t\t\t\t\t<div class=\"img-inner image-cover dark\" style=\"padding-top:200px;\">\n\t\t\t<img loading=\"lazy\" decoding=\"async\" width=\"1344\" height=\"768\" src=\"https:\/\/www.filtre-a-sable.eu\/wp-content\/uploads\/2025\/11\/Comment-entretenir-la-pompe-et-le-prefiltre.jpg\" class=\"attachment-original size-original\" alt=\"d\u00e9couvrez nos conseils pratiques pour entretenir efficacement votre pompe et le pr\u00e9filtre, assurer leur bon fonctionnement et prolonger leur dur\u00e9e de vie.\" srcset=\"https:\/\/www.filtre-a-sable.eu\/wp-content\/uploads\/2025\/11\/Comment-entretenir-la-pompe-et-le-prefiltre.jpg 1344w, https:\/\/www.filtre-a-sable.eu\/wp-content\/uploads\/2025\/11\/Comment-entretenir-la-pompe-et-le-prefiltre-300x171.jpg 300w, https:\/\/www.filtre-a-sable.eu\/wp-content\/uploads\/2025\/11\/Comment-entretenir-la-pompe-et-le-prefiltre-1024x585.jpg 1024w, https:\/\/www.filtre-a-sable.eu\/wp-content\/uploads\/2025\/11\/Comment-entretenir-la-pompe-et-le-prefiltre-768x439.jpg 768w\" sizes=\"auto, (max-width: 1344px) 100vw, 1344px\" \/>\t\t\t\t\t\t\n\t\t\t\t\t<\/div>\n\t\t\t\t\t\t\t\t\n<style>\n#image_1148443919 {\n  width: 100%;\n}\n<\/style>\n\t<\/div>\n\t\n\n\n\t\t<\/div>\n\t\t\t\t\n<style>\n#col-1737626499 > .col-inner {\n  padding: 20px 20px 20px 20px;\n}\n<\/style>\n\t<\/div>\n\n\t\n\n\t<div id=\"col-1245636986\" class=\"col medium-5 small-12 large-5\"  >\n\t\t\t\t<div class=\"col-inner box-shadow-3\" style=\"background-color:#e4644f;\" >\n\t\t\t\n\t\t\t\n\n<div class=\"container section-title-container\" ><h2 class=\"section-title section-title-normal\"><b><\/b><span class=\"section-title-main\" style=\"color:rgb(255, 255, 255);\">Ecrivez-nous !<\/span><b><\/b><\/h2><\/div>\n\n\n<div class=\"wpcf7 no-js\" id=\"wpcf7-f68-o1\" lang=\"fr-FR\" dir=\"ltr\" data-wpcf7-id=\"68\">\n<div class=\"screen-reader-response\"><p role=\"status\" aria-live=\"polite\" aria-atomic=\"true\"><\/p> <ul><\/ul><\/div>\n<form action=\"\/index.php\/wp-json\/wp\/v2\/pages\/60#wpcf7-f68-o1\" method=\"post\" class=\"wpcf7-form init\" aria-label=\"Formulaire de contact\" novalidate=\"novalidate\" data-status=\"init\">\n<fieldset class=\"hidden-fields-container\"><input type=\"hidden\" name=\"_wpcf7\" value=\"68\" \/><input type=\"hidden\" name=\"_wpcf7_version\" value=\"6.1.3\" \/><input type=\"hidden\" name=\"_wpcf7_locale\" value=\"fr_FR\" \/><input type=\"hidden\" name=\"_wpcf7_unit_tag\" value=\"wpcf7-f68-o1\" \/><input type=\"hidden\" name=\"_wpcf7_container_post\" value=\"0\" \/><input type=\"hidden\" name=\"_wpcf7_posted_data_hash\" value=\"\" \/>\n<\/fieldset>\n<p><label> Votre nom<br \/>\n<span class=\"wpcf7-form-control-wrap\" data-name=\"your-name\"><input size=\"40\" maxlength=\"400\" class=\"wpcf7-form-control wpcf7-text wpcf7-validates-as-required\" autocomplete=\"name\" aria-required=\"true\" aria-invalid=\"false\" value=\"\" type=\"text\" name=\"your-name\" \/><\/span> <\/label>\n<\/p>\n<p><label> Votre e-mail<br \/>\n<span class=\"wpcf7-form-control-wrap\" data-name=\"your-email\"><input size=\"40\" maxlength=\"400\" class=\"wpcf7-form-control wpcf7-email wpcf7-validates-as-required wpcf7-text wpcf7-validates-as-email\" autocomplete=\"email\" aria-required=\"true\" aria-invalid=\"false\" value=\"\" type=\"email\" name=\"your-email\" \/><\/span> <\/label>\n<\/p>\n<p><label> Objet<br \/>\n<span class=\"wpcf7-form-control-wrap\" data-name=\"your-subject\"><input size=\"40\" maxlength=\"400\" class=\"wpcf7-form-control wpcf7-text wpcf7-validates-as-required\" aria-required=\"true\" aria-invalid=\"false\" value=\"\" type=\"text\" name=\"your-subject\" \/><\/span> <\/label>\n<\/p>\n<p><label> Votre message (facultatif)<br \/>\n<span class=\"wpcf7-form-control-wrap\" data-name=\"your-message\"><textarea cols=\"40\" rows=\"10\" maxlength=\"2000\" class=\"wpcf7-form-control wpcf7-textarea\" aria-invalid=\"false\" name=\"your-message\"><\/textarea><\/span> <\/label>\n<\/p>\n<p><input class=\"wpcf7-form-control wpcf7-submit has-spinner\" type=\"submit\" value=\"Envoyer\" \/>\n<\/p><div class=\"wpcf7-response-output\" aria-hidden=\"true\"><\/div>\n<\/form>\n<\/div>\n\n\n\t\t<\/div>\n\t\t\t\t\n<style>\n#col-1245636986 > .col-inner {\n  padding: 20px 20px 20px 20px;\n}\n<\/style>\n\t<\/div>\n\n\t\n\n<\/div>\n\n\t\t<\/div>\n\n\t\t\n<style>\n#section_1181056642 {\n  padding-top: 30px;\n  padding-bottom: 30px;\n}\n<\/style>\n\t<\/section>\n\t\n\n","protected":false},"excerpt":{"rendered":"","protected":false},"author":3,"featured_media":76,"parent":0,"menu_order":0,"comment_status":"closed","ping_status":"closed","template":"","meta":{"footnotes":""},"class_list":["post-60","page","type-page","status-publish","has-post-thumbnail","hentry"],"yoast_head":"<!-- This site is optimized with the Yoast SEO plugin v26.2 - https:\/\/yoast.com\/wordpress\/plugins\/seo\/ -->\n<title>Contact - Filtre \u00e0 sable<\/title>\n<meta name=\"robots\" content=\"index, follow, max-snippet:-1, max-image-preview:large, max-video-preview:-1\" \/>\n<link rel=\"canonical\" href=\"https:\/\/www.filtre-a-sable.eu\/index.php\/contact\/\" \/>\n<meta property=\"og:locale\" content=\"fr_FR\" \/>\n<meta property=\"og:type\" content=\"article\" \/>\n<meta property=\"og:title\" content=\"Contact - Filtre \u00e0 sable\" \/>\n<meta property=\"og:url\" content=\"https:\/\/www.filtre-a-sable.eu\/index.php\/contact\/\" \/>\n<meta property=\"og:site_name\" content=\"Filtre \u00e0 sable\" \/>\n<meta property=\"article:modified_time\" content=\"2025-11-03T17:04:42+00:00\" \/>\n<meta property=\"og:image\" content=\"https:\/\/www.filtre-a-sable.eu\/wp-content\/uploads\/2025\/11\/Comment-moderniser-une-piscine-ancienne.jpg\" \/>\n\t<meta property=\"og:image:width\" content=\"1344\" \/>\n\t<meta property=\"og:image:height\" content=\"768\" \/>\n\t<meta property=\"og:image:type\" content=\"image\/jpeg\" \/>\n<meta name=\"twitter:card\" content=\"summary_large_image\" \/>\n<meta name=\"twitter:label1\" content=\"Dur\u00e9e de lecture estim\u00e9e\" \/>\n\t<meta name=\"twitter:data1\" content=\"1 minute\" \/>\n<script type=\"application\/ld+json\" class=\"yoast-schema-graph\">{\"@context\":\"https:\/\/schema.org\",\"@graph\":[{\"@type\":\"WebPage\",\"@id\":\"https:\/\/www.filtre-a-sable.eu\/index.php\/contact\/\",\"url\":\"https:\/\/www.filtre-a-sable.eu\/index.php\/contact\/\",\"name\":\"Contact - Filtre \u00e0 sable\",\"isPartOf\":{\"@id\":\"https:\/\/www.filtre-a-sable.eu\/#website\"},\"primaryImageOfPage\":{\"@id\":\"https:\/\/www.filtre-a-sable.eu\/index.php\/contact\/#primaryimage\"},\"image\":{\"@id\":\"https:\/\/www.filtre-a-sable.eu\/index.php\/contact\/#primaryimage\"},\"thumbnailUrl\":\"https:\/\/www.filtre-a-sable.eu\/wp-content\/uploads\/2025\/11\/Comment-moderniser-une-piscine-ancienne.jpg\",\"datePublished\":\"2025-11-03T16:55:26+00:00\",\"dateModified\":\"2025-11-03T17:04:42+00:00\",\"breadcrumb\":{\"@id\":\"https:\/\/www.filtre-a-sable.eu\/index.php\/contact\/#breadcrumb\"},\"inLanguage\":\"fr-FR\",\"potentialAction\":[{\"@type\":\"ReadAction\",\"target\":[\"https:\/\/www.filtre-a-sable.eu\/index.php\/contact\/\"]}]},{\"@type\":\"ImageObject\",\"inLanguage\":\"fr-FR\",\"@id\":\"https:\/\/www.filtre-a-sable.eu\/index.php\/contact\/#primaryimage\",\"url\":\"https:\/\/www.filtre-a-sable.eu\/wp-content\/uploads\/2025\/11\/Comment-moderniser-une-piscine-ancienne.jpg\",\"contentUrl\":\"https:\/\/www.filtre-a-sable.eu\/wp-content\/uploads\/2025\/11\/Comment-moderniser-une-piscine-ancienne.jpg\",\"width\":1344,\"height\":768,\"caption\":\"d\u00e9couvrez des conseils pratiques et des id\u00e9es innovantes pour moderniser une piscine ancienne, am\u00e9liorer son esth\u00e9tique et optimiser son confort tout en augmentant la valeur de votre ext\u00e9rieur.\"},{\"@type\":\"BreadcrumbList\",\"@id\":\"https:\/\/www.filtre-a-sable.eu\/index.php\/contact\/#breadcrumb\",\"itemListElement\":[{\"@type\":\"ListItem\",\"position\":1,\"name\":\"Accueil\",\"item\":\"https:\/\/www.filtre-a-sable.eu\/\"},{\"@type\":\"ListItem\",\"position\":2,\"name\":\"Contact\"}]},{\"@type\":\"WebSite\",\"@id\":\"https:\/\/www.filtre-a-sable.eu\/#website\",\"url\":\"https:\/\/www.filtre-a-sable.eu\/\",\"name\":\"Filtre \u00e0 sable\",\"description\":\"Expertise et conseils pour une piscine toujours limpide\",\"potentialAction\":[{\"@type\":\"SearchAction\",\"target\":{\"@type\":\"EntryPoint\",\"urlTemplate\":\"https:\/\/www.filtre-a-sable.eu\/?s={search_term_string}\"},\"query-input\":{\"@type\":\"PropertyValueSpecification\",\"valueRequired\":true,\"valueName\":\"search_term_string\"}}],\"inLanguage\":\"fr-FR\"}]}<\/script>\n<!-- \/ Yoast SEO plugin. -->","yoast_head_json":{"title":"Contact - Filtre \u00e0 sable","robots":{"index":"index","follow":"follow","max-snippet":"max-snippet:-1","max-image-preview":"max-image-preview:large","max-video-preview":"max-video-preview:-1"},"canonical":"https:\/\/www.filtre-a-sable.eu\/index.php\/contact\/","og_locale":"fr_FR","og_type":"article","og_title":"Contact - Filtre \u00e0 sable","og_url":"https:\/\/www.filtre-a-sable.eu\/index.php\/contact\/","og_site_name":"Filtre \u00e0 sable","article_modified_time":"2025-11-03T17:04:42+00:00","og_image":[{"width":1344,"height":768,"url":"https:\/\/www.filtre-a-sable.eu\/wp-content\/uploads\/2025\/11\/Comment-moderniser-une-piscine-ancienne.jpg","type":"image\/jpeg"}],"twitter_card":"summary_large_image","twitter_misc":{"Dur\u00e9e de lecture estim\u00e9e":"1 minute"},"schema":{"@context":"https:\/\/schema.org","@graph":[{"@type":"WebPage","@id":"https:\/\/www.filtre-a-sable.eu\/index.php\/contact\/","url":"https:\/\/www.filtre-a-sable.eu\/index.php\/contact\/","name":"Contact - Filtre \u00e0 sable","isPartOf":{"@id":"https:\/\/www.filtre-a-sable.eu\/#website"},"primaryImageOfPage":{"@id":"https:\/\/www.filtre-a-sable.eu\/index.php\/contact\/#primaryimage"},"image":{"@id":"https:\/\/www.filtre-a-sable.eu\/index.php\/contact\/#primaryimage"},"thumbnailUrl":"https:\/\/www.filtre-a-sable.eu\/wp-content\/uploads\/2025\/11\/Comment-moderniser-une-piscine-ancienne.jpg","datePublished":"2025-11-03T16:55:26+00:00","dateModified":"2025-11-03T17:04:42+00:00","breadcrumb":{"@id":"https:\/\/www.filtre-a-sable.eu\/index.php\/contact\/#breadcrumb"},"inLanguage":"fr-FR","potentialAction":[{"@type":"ReadAction","target":["https:\/\/www.filtre-a-sable.eu\/index.php\/contact\/"]}]},{"@type":"ImageObject","inLanguage":"fr-FR","@id":"https:\/\/www.filtre-a-sable.eu\/index.php\/contact\/#primaryimage","url":"https:\/\/www.filtre-a-sable.eu\/wp-content\/uploads\/2025\/11\/Comment-moderniser-une-piscine-ancienne.jpg","contentUrl":"https:\/\/www.filtre-a-sable.eu\/wp-content\/uploads\/2025\/11\/Comment-moderniser-une-piscine-ancienne.jpg","width":1344,"height":768,"caption":"d\u00e9couvrez des conseils pratiques et des id\u00e9es innovantes pour moderniser une piscine ancienne, am\u00e9liorer son esth\u00e9tique et optimiser son confort tout en augmentant la valeur de votre ext\u00e9rieur."},{"@type":"BreadcrumbList","@id":"https:\/\/www.filtre-a-sable.eu\/index.php\/contact\/#breadcrumb","itemListElement":[{"@type":"ListItem","position":1,"name":"Accueil","item":"https:\/\/www.filtre-a-sable.eu\/"},{"@type":"ListItem","position":2,"name":"Contact"}]},{"@type":"WebSite","@id":"https:\/\/www.filtre-a-sable.eu\/#website","url":"https:\/\/www.filtre-a-sable.eu\/","name":"Filtre \u00e0 sable","description":"Expertise et conseils pour une piscine toujours limpide","potentialAction":[{"@type":"SearchAction","target":{"@type":"EntryPoint","urlTemplate":"https:\/\/www.filtre-a-sable.eu\/?s={search_term_string}"},"query-input":{"@type":"PropertyValueSpecification","valueRequired":true,"valueName":"search_term_string"}}],"inLanguage":"fr-FR"}]}},"_links":{"self":[{"href":"https:\/\/www.filtre-a-sable.eu\/index.php\/wp-json\/wp\/v2\/pages\/60","targetHints":{"allow":["GET"]}}],"collection":[{"href":"https:\/\/www.filtre-a-sable.eu\/index.php\/wp-json\/wp\/v2\/pages"}],"about":[{"href":"https:\/\/www.filtre-a-sable.eu\/index.php\/wp-json\/wp\/v2\/types\/page"}],"author":[{"embeddable":true,"href":"https:\/\/www.filtre-a-sable.eu\/index.php\/wp-json\/wp\/v2\/users\/3"}],"replies":[{"embeddable":true,"href":"https:\/\/www.filtre-a-sable.eu\/index.php\/wp-json\/wp\/v2\/comments?post=60"}],"version-history":[{"count":3,"href":"https:\/\/www.filtre-a-sable.eu\/index.php\/wp-json\/wp\/v2\/pages\/60\/revisions"}],"predecessor-version":[{"id":70,"href":"https:\/\/www.filtre-a-sable.eu\/index.php\/wp-json\/wp\/v2\/pages\/60\/revisions\/70"}],"wp:featuredmedia":[{"embeddable":true,"href":"https:\/\/www.filtre-a-sable.eu\/index.php\/wp-json\/wp\/v2\/media\/76"}],"wp:attachment":[{"href":"https:\/\/www.filtre-a-sable.eu\/index.php\/wp-json\/wp\/v2\/media?parent=60"}],"curies":[{"name":"wp","href":"https:\/\/api.w.org\/{rel}","templated":true}]}}